{"id":112,"date":"2021-11-04T14:29:31","date_gmt":"2021-11-04T13:29:31","guid":{"rendered":"http:\/\/www.atout-cycle.fr\/?page_id=112"},"modified":"2024-05-21T14:00:28","modified_gmt":"2024-05-21T12:00:28","slug":"sites-amis","status":"publish","type":"page","link":"http:\/\/www.atout-cycle.fr\/?page_id=112","title":{"rendered":"Sites amis"},"content":{"rendered":"\n<p><strong>En Mayenne&nbsp; :<\/strong><\/p>\n\n\n\n<ul><li>Actif, r\u00e9actif, recycleur, r\u00e9cup\u00e9rateur, d\u00e9brouilleur, r\u00e9employeur dans un esprit d\u2019autonomisation, de partage et transmission de savoir faire, <a href=\"http:\/\/le Collectif R\">le Collectif R<\/a> qui entre tant d\u2019autres choses h\u00e9bergeait mon atelier (association)<\/li><li><a href=\"http:\/\/www.placeauvelo.fr\/\">Place au v\u00e9lo<\/a> (association de promotion du v\u00e9lo : m\u00e9canique, v\u00e9lo dans l\u2019espace public, membre de la FUB)<\/li><li><a href=\"https:\/\/www.bicyclem.com\">Bicyclem<\/a> (artisan m\u00e9canique v\u00e9lo)<\/li><li><a href=\"https:\/\/www.synergies53.fr\/\">Synergies 53<\/a> (l\u2019association de r\u00e9f\u00e9rence sur la transition \u00e9nerg\u00e9tique en Mayenne)<\/li><\/ul>\n\n\n\n<p><strong>Ressources en ligne <\/strong>pour la m\u00e9canique v\u00e9lo<\/p>\n\n\n\n<ul><li><a href=\"http:\/\/wiklou.org\/wiki\/Accueil\">Wiklou <\/a>(Wiki francophone d\u00e9di\u00e9 \u00e0 l\u2019origine \u00e0 la m\u00e9canique, ouvert aujourd\u2019hui \u00e0 d\u2019autres domaines)<\/li><li><a href=\"https:\/\/www.sheldonbrown.com\/\">Le site de Sheldon Brown<\/a> (connaissance encyclop\u00e9dique, en anglais)<\/li><\/ul>\n\n\n\n<p><strong>Ailleurs :<\/strong><\/p>\n\n\n\n<ul><li><a href=\"https:\/\/veloma.org\/\">V\u00e9loma :<\/a>\u00a0 V\u00e9locargo et outil \u00e0 p\u00e9dales low tech en r\u00e9gion parisienne<\/li><li><a href=\"https:\/\/www.lapetiterennes.org\/\">La Petite Rennes<\/a> Atelier associatif et solidaire d&rsquo;autor\u00e9paration<\/li><li><a href=\"http:\/\/cargonomia.hu\/who-we-are\/?lang=en\">Cargonomia<\/a>, \u00e0 Budapest, multiples activit\u00e9s autour de la d\u00e9croissance, de la production de v\u00e9locargo et logistique en circuit-court par ce moyen.<\/li><\/ul>\n","protected":false},"excerpt":{"rendered":"<p>En Mayenne&nbsp; : Actif, r\u00e9actif, recycleur, r\u00e9cup\u00e9rateur, d\u00e9brouilleur, r\u00e9employeur dans un esprit d\u2019autonomisation, de partage et transmission de savoir faire, le Collectif R qui entre tant d\u2019autres choses h\u00e9bergeait mon atelier (association) Place au v\u00e9lo (association de promotion du v\u00e9lo : m\u00e9canique, v\u00e9lo dans l\u2019espace public, membre de la FUB) Bicyclem (artisan m\u00e9canique v\u00e9lo) Synergies &hellip; <\/p>\n<p class=\"link-more\"><a href=\"http:\/\/www.atout-cycle.fr\/?page_id=112\" class=\"more-link\">Continuer la lecture<span class=\"screen-reader-text\"> de &laquo;&nbsp;Sites amis&nbsp;&raquo;<\/span><\/a><\/p>\n","protected":false},"author":1,"featured_media":0,"parent":0,"menu_order":0,"comment_status":"closed","ping_status":"closed","template":"","meta":[],"_links":{"self":[{"href":"http:\/\/www.atout-cycle.fr\/index.php?rest_route=\/wp\/v2\/pages\/112"}],"collection":[{"href":"http:\/\/www.atout-cycle.fr\/index.php?rest_route=\/wp\/v2\/pages"}],"about":[{"href":"http:\/\/www.atout-cycle.fr\/index.php?rest_route=\/wp\/v2\/types\/page"}],"author":[{"embeddable":true,"href":"http:\/\/www.atout-cycle.fr\/index.php?rest_route=\/wp\/v2\/users\/1"}],"replies":[{"embeddable":true,"href":"http:\/\/www.atout-cycle.fr\/index.php?rest_route=%2Fwp%2Fv2%2Fcomments&post=112"}],"version-history":[{"count":4,"href":"http:\/\/www.atout-cycle.fr\/index.php?rest_route=\/wp\/v2\/pages\/112\/revisions"}],"predecessor-version":[{"id":395,"href":"http:\/\/www.atout-cycle.fr\/index.php?rest_route=\/wp\/v2\/pages\/112\/revisions\/395"}],"wp:attachment":[{"href":"http:\/\/www.atout-cycle.fr\/index.php?rest_route=%2Fwp%2Fv2%2Fmedia&parent=112"}],"curies":[{"name":"wp","href":"https:\/\/api.w.org\/{rel}","templated":true}]}}