{"id":2,"date":"2020-09-23T23:56:00","date_gmt":"2020-09-23T21:56:00","guid":{"rendered":"http:\/\/www.atout-cycle.fr\/?page_id=2"},"modified":"2022-06-30T20:12:48","modified_gmt":"2022-06-30T18:12:48","slug":"home","status":"publish","type":"page","link":"http:\/\/www.atout-cycle.fr\/","title":{"rendered":"Bienvenue"},"content":{"rendered":"\n<p>Ce site est en construction, en phase d&rsquo;ach\u00e8vement. Il est auto-h\u00e9berg\u00e9 et en bonne partie auto-\u00e9dit\u00e9. Merci de votre compr\u00e9hension \u00e0 cet \u00e9gard.<\/p>\n\n\n\n<p>Pour en savoir plus sur les prestations et produits propos\u00e9s, les rubriques du menu sont l\u00e0. Si vous vous piquez de curiosit\u00e9 pour les derni\u00e8res cr\u00e9ations, prototypes et r\u00e9flexions, vosu les trouverez dans la partie blog.<\/p>\n","protected":false},"excerpt":{"rendered":"<p>Ce site est en construction, en phase d&rsquo;ach\u00e8vement. Il est auto-h\u00e9berg\u00e9 et en bonne partie auto-\u00e9dit\u00e9. Merci de votre compr\u00e9hension \u00e0 cet \u00e9gard. Pour en savoir plus sur les prestations et produits propos\u00e9s, les rubriques du menu sont l\u00e0. Si vous vous piquez de curiosit\u00e9 pour les derni\u00e8res cr\u00e9ations, prototypes et r\u00e9flexions, vosu les trouverez &hellip; <\/p>\n<p class=\"link-more\"><a href=\"http:\/\/www.atout-cycle.fr\/\" class=\"more-link\">Continuer la lecture<span class=\"screen-reader-text\"> de &laquo;&nbsp;Bienvenue&nbsp;&raquo;<\/span><\/a><\/p>\n","protected":false},"author":1,"featured_media":0,"parent":0,"menu_order":1,"comment_status":"closed","ping_status":"closed","template":"","meta":[],"_links":{"self":[{"href":"http:\/\/www.atout-cycle.fr\/index.php?rest_route=\/wp\/v2\/pages\/2"}],"collection":[{"href":"http:\/\/www.atout-cycle.fr\/index.php?rest_route=\/wp\/v2\/pages"}],"about":[{"href":"http:\/\/www.atout-cycle.fr\/index.php?rest_route=\/wp\/v2\/types\/page"}],"author":[{"embeddable":true,"href":"http:\/\/www.atout-cycle.fr\/index.php?rest_route=\/wp\/v2\/users\/1"}],"replies":[{"embeddable":true,"href":"http:\/\/www.atout-cycle.fr\/index.php?rest_route=%2Fwp%2Fv2%2Fcomments&post=2"}],"version-history":[{"count":10,"href":"http:\/\/www.atout-cycle.fr\/index.php?rest_route=\/wp\/v2\/pages\/2\/revisions"}],"predecessor-version":[{"id":350,"href":"http:\/\/www.atout-cycle.fr\/index.php?rest_route=\/wp\/v2\/pages\/2\/revisions\/350"}],"wp:attachment":[{"href":"http:\/\/www.atout-cycle.fr\/index.php?rest_route=%2Fwp%2Fv2%2Fmedia&parent=2"}],"curies":[{"name":"wp","href":"https:\/\/api.w.org\/{rel}","templated":true}]}}